{"id":42691,"date":"2025-09-05T13:06:46","date_gmt":"2025-09-05T11:06:46","guid":{"rendered":"https:\/\/www.merchup.com\/?post_type=product&#038;p=42691"},"modified":"2026-03-18T16:11:09","modified_gmt":"2026-03-18T15:11:09","slug":"flaga-merchup","status":"publish","type":"product","link":"https:\/\/www.merchup.com\/en\/products\/accessories\/flaga-merchup\/","title":{"rendered":"Flaga MerchUp"},"excerpt":{"rendered":"<p data-start=\"178\" data-end=\"466\">Flaga Merchup wykonana z bia\u0142ego materia\u0142u, przeznaczona do pe\u0142nej personalizacji. Na \u015brodku znajduje si\u0119 przyk\u0142adowy niebieski nadruk z napisem \u201eCustom logo and print\u201d oraz miejscem na indywidualne logo klienta. Idealna do cel\u00f3w reklamowych, promocyjnych, eventowych lub firmowych. Posiada metalowe oczka do \u0142atwego monta\u017cu. Mo\u017cliwo\u015b\u0107 nadruku dowolnej grafiki, logo lub tekstu wed\u0142ug projektu zamawiaj\u0105cego.<\/p>\n","protected":false},"featured_media":42703,"template":"","meta":{"_acf_changed":false},"product_brand":[],"product_cat":[53,1636],"product_tag":[152],"class_list":{"0":"post-42691","1":"product","2":"type-product","3":"status-publish","4":"has-post-thumbnail","6":"product_cat-accessories","7":"product_cat-merch-for-schools","8":"product_tag-made-in-europe-en","9":"thematic_categories-merch-for-schools","11":"first","12":"instock","13":"shipping-taxable","14":"purchasable","15":"product-type-simple"},"acf":[],"_links":{"self":[{"href":"https:\/\/www.merchup.com\/en\/wp-json\/wp\/v2\/product\/42691","targetHints":{"allow":["GET"]}}],"collection":[{"href":"https:\/\/www.merchup.com\/en\/wp-json\/wp\/v2\/product"}],"about":[{"href":"https:\/\/www.merchup.com\/en\/wp-json\/wp\/v2\/types\/product"}],"wp:featuredmedia":[{"embeddable":true,"href":"https:\/\/www.merchup.com\/en\/wp-json\/wp\/v2\/media\/42703"}],"wp:attachment":[{"href":"https:\/\/www.merchup.com\/en\/wp-json\/wp\/v2\/media?parent=42691"}],"wp:term":[{"taxonomy":"product_brand","embeddable":true,"href":"https:\/\/www.merchup.com\/en\/wp-json\/wp\/v2\/product_brand?post=42691"},{"taxonomy":"product_cat","embeddable":true,"href":"https:\/\/www.merchup.com\/en\/wp-json\/wp\/v2\/product_cat?post=42691"},{"taxonomy":"product_tag","embeddable":true,"href":"https:\/\/www.merchup.com\/en\/wp-json\/wp\/v2\/product_tag?post=42691"}],"curies":[{"name":"wp","href":"https:\/\/api.w.org\/{rel}","templated":true}]}}