{"id":13724,"date":"2023-09-29T11:52:46","date_gmt":"2023-09-29T09:52:46","guid":{"rendered":"https:\/\/www.merchup.com\/?post_type=product&#038;p=13724"},"modified":"2025-03-31T15:31:42","modified_gmt":"2025-03-31T13:31:42","slug":"bag-cotton-with-decorated-stripes-merchup","status":"publish","type":"product","link":"https:\/\/www.merchup.com\/en\/products\/bags-and-backpacks\/bags\/bag-cotton-with-decorated-stripes-merchup\/","title":{"rendered":"MerchUp cotton bag"},"excerpt":{"rendered":"<p><span data-sheets-value=\"{\"1\":2,\"2\":\"Bawe\u0142nia torba z designerskim dodatkiem w postaci wyr\u00f3\u017cniaj\u0105cych si\u0119 uchwyt\u00f3w - ta\u015bm, na kt\u00f3rych mo\u017cesz umie\u015bci\u0107 slogan lub logo Twojej marki. U\u017cyteczny i lubiany element ka\u017cdego merchu. \"}\" data-sheets-userformat=\"{\"2\":961,\"3\":{\"1\":0},\"9\":0,\"10\":1,\"11\":4,\"12\":0}\">A cotton bag on which you can put your brand&#8217;s slogan or logo. A useful and well-liked element of any merchandise.<\/span><\/p>\n","protected":false},"featured_media":13336,"template":"","meta":{"_acf_changed":false},"product_brand":[],"product_cat":[66,1303],"product_tag":[],"class_list":{"0":"post-13724","1":"product","2":"type-product","3":"status-publish","4":"has-post-thumbnail","6":"product_cat-bags-and-backpacks","7":"product_cat-bags","9":"first","10":"instock","11":"shipping-taxable","12":"purchasable","13":"product-type-variable"},"acf":[],"_links":{"self":[{"href":"https:\/\/www.merchup.com\/en\/wp-json\/wp\/v2\/product\/13724","targetHints":{"allow":["GET"]}}],"collection":[{"href":"https:\/\/www.merchup.com\/en\/wp-json\/wp\/v2\/product"}],"about":[{"href":"https:\/\/www.merchup.com\/en\/wp-json\/wp\/v2\/types\/product"}],"wp:featuredmedia":[{"embeddable":true,"href":"https:\/\/www.merchup.com\/en\/wp-json\/wp\/v2\/media\/13336"}],"wp:attachment":[{"href":"https:\/\/www.merchup.com\/en\/wp-json\/wp\/v2\/media?parent=13724"}],"wp:term":[{"taxonomy":"product_brand","embeddable":true,"href":"https:\/\/www.merchup.com\/en\/wp-json\/wp\/v2\/product_brand?post=13724"},{"taxonomy":"product_cat","embeddable":true,"href":"https:\/\/www.merchup.com\/en\/wp-json\/wp\/v2\/product_cat?post=13724"},{"taxonomy":"product_tag","embeddable":true,"href":"https:\/\/www.merchup.com\/en\/wp-json\/wp\/v2\/product_tag?post=13724"}],"curies":[{"name":"wp","href":"https:\/\/api.w.org\/{rel}","templated":true}]}}