{"id":12578,"date":"2023-08-24T16:20:49","date_gmt":"2023-08-24T14:20:49","guid":{"rendered":"https:\/\/www.merchup.com\/?post_type=product&#038;p=12578"},"modified":"2025-03-31T15:15:41","modified_gmt":"2025-03-31T13:15:41","slug":"truffle-cookie","status":"publish","type":"product","link":"https:\/\/www.merchup.com\/en\/products\/accessories\/truffle-cookie\/","title":{"rendered":"Truffles &#8211; Cookie"},"excerpt":{"rendered":"<p><span data-sheets-value=\"{\"1\":2,\"2\":\"Wyselekcjonowane trufle z belgijskiej czekolady kryj\u0105ce aksamitne nadzienie - do wyboru w 5 smakach. Mu\u015bni\u0119cie posypk\u0105 nadaje im niepowtarzalny smak, kt\u00f3ry zaspokoi podniebienia najbardziej tyvh najbardziej wymagaj\u0105cych. Opakowanie mo\u017ce zosta\u0107 obrandowane w dowolny spos\u00f3b.\"}\" data-sheets-userformat=\"{\"2\":825,\"3\":{\"1\":0},\"6\":{\"1\":[{\"1\":2,\"2\":0,\"5\":{\"1\":2,\"2\":0}},{\"1\":0,\"2\":0,\"3\":3},{\"1\":1,\"2\":0,\"4\":1}]},\"7\":{\"1\":[{\"1\":2,\"2\":0,\"5\":{\"1\":2,\"2\":0}},{\"1\":0,\"2\":0,\"3\":3},{\"1\":1,\"2\":0,\"4\":1}]},\"8\":{\"1\":[{\"1\":2,\"2\":0,\"5\":{\"1\":2,\"2\":0}},{\"1\":0,\"2\":0,\"3\":3},{\"1\":1,\"2\":0,\"4\":1}]},\"11\":4,\"12\":0}\">Selected truffles made of Belgian chocolate hiding a velvety filling &#8211; choose from 5 flavors. A dusting of sprinkles gives them a unique flavor that will satisfy the palates of the most tyvh most demanding. The packaging can be branded in any way.<\/span><\/p>\n","protected":false},"featured_media":12062,"template":"","meta":{"_acf_changed":false},"product_brand":[],"product_cat":[53],"product_tag":[],"class_list":{"0":"post-12578","1":"product","2":"type-product","3":"status-publish","4":"has-post-thumbnail","6":"product_cat-accessories","8":"first","9":"instock","10":"shipping-taxable","11":"purchasable","12":"product-type-simple"},"acf":[],"_links":{"self":[{"href":"https:\/\/www.merchup.com\/en\/wp-json\/wp\/v2\/product\/12578","targetHints":{"allow":["GET"]}}],"collection":[{"href":"https:\/\/www.merchup.com\/en\/wp-json\/wp\/v2\/product"}],"about":[{"href":"https:\/\/www.merchup.com\/en\/wp-json\/wp\/v2\/types\/product"}],"wp:featuredmedia":[{"embeddable":true,"href":"https:\/\/www.merchup.com\/en\/wp-json\/wp\/v2\/media\/12062"}],"wp:attachment":[{"href":"https:\/\/www.merchup.com\/en\/wp-json\/wp\/v2\/media?parent=12578"}],"wp:term":[{"taxonomy":"product_brand","embeddable":true,"href":"https:\/\/www.merchup.com\/en\/wp-json\/wp\/v2\/product_brand?post=12578"},{"taxonomy":"product_cat","embeddable":true,"href":"https:\/\/www.merchup.com\/en\/wp-json\/wp\/v2\/product_cat?post=12578"},{"taxonomy":"product_tag","embeddable":true,"href":"https:\/\/www.merchup.com\/en\/wp-json\/wp\/v2\/product_tag?post=12578"}],"curies":[{"name":"wp","href":"https:\/\/api.w.org\/{rel}","templated":true}]}}